{"id":982,"date":"2023-01-15T17:43:49","date_gmt":"2023-01-15T23:43:49","guid":{"rendered":"https:\/\/pronaturaveracruz.org\/capturacarbono\/?page_id=982"},"modified":"2023-10-04T23:54:36","modified_gmt":"2023-10-05T05:54:36","slug":"chalahuite","status":"publish","type":"page","link":"https:\/\/pronaturaveracruz.org\/capturacarbono\/especies-seleccionadas\/chalahuite\/","title":{"rendered":"Chalahuite"},"content":{"rendered":"\n<div class=\"wp-block-group main-content has-global-padding is-layout-constrained wp-container-core-group-is-layout-d75bad80 wp-block-group-is-layout-constrained\" style=\"padding-top:0;padding-right:0;padding-bottom:0;padding-left:0\">\n<div class=\"wp-block-group has-custom-color-2-background-color has-background has-global-padding is-layout-constrained wp-block-group-is-layout-constrained\">\n<div style=\"height:150px\" aria-hidden=\"true\" class=\"wp-block-spacer\"><\/div>\n<\/div>\n\n\n\n<div class=\"wp-block-group alignwide has-global-padding is-layout-constrained wp-container-core-group-is-layout-73ce95e9 wp-block-group-is-layout-constrained\" style=\"padding-top:var(--wp--preset--spacing--30);padding-right:var(--wp--preset--spacing--30);padding-bottom:var(--wp--preset--spacing--30);padding-left:var(--wp--preset--spacing--30)\">\n<div class=\"wp-block-columns is-layout-flex wp-container-core-columns-is-layout-3fb004a6 wp-block-columns-is-layout-flex\" style=\"padding-top:0;padding-right:0;padding-bottom:0;padding-left:0\">\n<div class=\"wp-block-column is-layout-flow wp-block-column-is-layout-flow\" style=\"flex-basis:100%\">\n<div class=\"wp-block-cover\" style=\"min-height:600px;aspect-ratio:unset;\"><span aria-hidden=\"true\" class=\"wp-block-cover__background has-background-dim-0 has-background-dim\"><\/span><img loading=\"lazy\" decoding=\"async\" width=\"450\" height=\"600\" src=\"https:\/\/pronaturaveracruz.org\/capturacarbono\/wp-content\/uploads\/Chalahuite-full.jpg\" class=\"wp-block-cover__image-background wp-post-image\" alt=\"Inga vera\" data-object-fit=\"cover\" srcset=\"https:\/\/pronaturaveracruz.org\/capturacarbono\/wp-content\/uploads\/Chalahuite-full.jpg 450w, https:\/\/pronaturaveracruz.org\/capturacarbono\/wp-content\/uploads\/Chalahuite-full-200x267.jpg 200w\" sizes=\"auto, (max-width: 450px) 100vw, 450px\" \/><div class=\"wp-block-cover__inner-container is-layout-flow wp-block-cover-is-layout-flow\">\n<p class=\"has-text-align-center has-large-font-size\"><\/p>\n<\/div><\/div>\n<\/div>\n\n\n\n<div class=\"wp-block-column is-layout-flow wp-block-column-is-layout-flow\" style=\"flex-basis:100%\">\n<div class=\"wp-block-columns is-layout-flex wp-container-core-columns-is-layout-7c9548a8 wp-block-columns-is-layout-flex\" style=\"padding-top:0;padding-right:0;padding-bottom:0;padding-left:0\">\n<div class=\"wp-block-column is-layout-flow wp-block-column-is-layout-flow\" style=\"flex-basis:100%\"><h1 style=\"font-style:italic;font-weight:700; margin-bottom:0;margin-top:0;margin-left:0;\" class=\"wp-block-post-title has-text-color has-custom-color-4-color has-alegreya-font-family\">Chalahuite<\/h1><\/div>\n<\/div>\n\n\n\n<hr class=\"wp-block-separator has-text-color has-custom-color-1-color has-alpha-channel-opacity has-custom-color-1-background-color has-background\"\/>\n\n\n\n<div class=\"wp-block-columns is-layout-flex wp-container-core-columns-is-layout-f59b227a wp-block-columns-is-layout-flex\" style=\"padding-top:0;padding-right:var(--wp--preset--spacing--30);padding-bottom:0;padding-left:0\">\n<div class=\"wp-block-column is-layout-flow wp-block-column-is-layout-flow\" style=\"flex-basis:100%\">\n<h2 class=\"wp-block-heading has-text-align-right has-large-font-size\" style=\"font-style:normal;font-weight:100\"><em>Inga vera <\/em>Willd<em>.<\/em><\/h2>\n<\/div>\n<\/div>\n\n\n\n<div style=\"height:35px\" aria-hidden=\"true\" class=\"wp-block-spacer\"><\/div>\n\n\n\n<p>Todas las especies de <em>Inga <\/em>sp. se asocian con rizobacterias que fijan el nitr\u00f3geno atmosf\u00e9rico, lo cual beneficia a la flora que compone los cafetales.<\/p>\n\n\n\n<p>Es una especie de r\u00e1pido crecimiento que produce sombra al cabo de tres a\u00f1os. Las flores son mel\u00edferas y contribuyen a la producci\u00f3n de miel de buena calidad.<\/p>\n\n\n\n<div style=\"height:15px\" aria-hidden=\"true\" class=\"wp-block-spacer\"><\/div>\n\n\n\n<h3 class=\"wp-block-heading has-custom-color-1-color has-text-color has-alegreya-font-family has-large-font-size\" style=\"font-style:italic;font-weight:700\">Caracter\u00edsticas<\/h3>\n\n\n\n<div class=\"wp-block-group has-global-padding is-content-justification-left is-layout-constrained wp-container-core-group-is-layout-03c81c6c wp-block-group-is-layout-constrained\" style=\"padding-top:var(--wp--preset--spacing--30);padding-right:var(--wp--preset--spacing--30);padding-bottom:var(--wp--preset--spacing--30);padding-left:var(--wp--preset--spacing--30)\">\n<div class=\"wp-block-group is-nowrap is-layout-flex wp-container-core-group-is-layout-4b0a85f0 wp-block-group-is-layout-flex\">\n<figure class=\"wp-block-image size-large is-resized\"><img loading=\"lazy\" decoding=\"async\" src=\"https:\/\/pronaturaveracruz.org\/capturacarbono\/wp-content\/uploads\/sombra.svg\" alt=\"sombra\" class=\"wp-image-1367\" style=\"width:45px;height:45px\" width=\"45\" height=\"45\"\/><\/figure>\n\n\n\n<figure class=\"wp-block-image size-full is-resized\"><img loading=\"lazy\" decoding=\"async\" src=\"https:\/\/pronaturaveracruz.org\/capturacarbono\/wp-content\/uploads\/linea.svg\" alt=\"\" class=\"wp-image-1364\" style=\"width:5px;height:45px\" width=\"5\" height=\"45\"\/><\/figure>\n\n\n\n<p>Sombra<\/p>\n<\/div>\n\n\n\n<div class=\"wp-block-group is-nowrap is-layout-flex wp-container-core-group-is-layout-4b0a85f0 wp-block-group-is-layout-flex\">\n<figure class=\"wp-block-image size-large is-resized\"><img loading=\"lazy\" decoding=\"async\" src=\"https:\/\/pronaturaveracruz.org\/capturacarbono\/wp-content\/uploads\/controla_erosion.svg\" alt=\"controla la erosi\u00f3n\" class=\"wp-image-1360\" style=\"width:45px;height:45px\" width=\"45\" height=\"45\"\/><\/figure>\n\n\n\n<figure class=\"wp-block-image size-full is-resized\"><img loading=\"lazy\" decoding=\"async\" src=\"https:\/\/pronaturaveracruz.org\/capturacarbono\/wp-content\/uploads\/linea.svg\" alt=\"\" class=\"wp-image-1364\" style=\"width:5px;height:45px\" width=\"5\" height=\"45\"\/><\/figure>\n\n\n\n<p>Controla la erosi\u00f3n<\/p>\n<\/div>\n\n\n\n<div class=\"wp-block-group is-nowrap is-layout-flex wp-container-core-group-is-layout-4b0a85f0 wp-block-group-is-layout-flex\">\n<figure class=\"wp-block-image size-large is-resized\"><img loading=\"lazy\" decoding=\"async\" src=\"https:\/\/pronaturaveracruz.org\/capturacarbono\/wp-content\/uploads\/fijador_nitrogeno.svg\" alt=\"fijador de nitr\u00f3geno\" class=\"wp-image-1362\" style=\"width:45px;height:45px\" width=\"45\" height=\"45\"\/><\/figure>\n\n\n\n<figure class=\"wp-block-image size-full is-resized\"><img loading=\"lazy\" decoding=\"async\" src=\"https:\/\/pronaturaveracruz.org\/capturacarbono\/wp-content\/uploads\/linea.svg\" alt=\"\" class=\"wp-image-1364\" style=\"width:5px;height:45px\" width=\"5\" height=\"45\"\/><\/figure>\n\n\n\n<p>Fijador de nitr\u00f3geno<\/p>\n<\/div>\n\n\n\n<div class=\"wp-block-group is-nowrap is-layout-flex wp-container-core-group-is-layout-4b0a85f0 wp-block-group-is-layout-flex\">\n<figure class=\"wp-block-image size-large is-resized\"><img loading=\"lazy\" decoding=\"async\" src=\"https:\/\/pronaturaveracruz.org\/capturacarbono\/wp-content\/uploads\/lena.svg\" alt=\"le\u00f1a\" class=\"wp-image-1363\" style=\"width:45px;height:45px\" width=\"45\" height=\"45\"\/><\/figure>\n\n\n\n<figure class=\"wp-block-image size-full is-resized\"><img loading=\"lazy\" decoding=\"async\" src=\"https:\/\/pronaturaveracruz.org\/capturacarbono\/wp-content\/uploads\/linea.svg\" alt=\"\" class=\"wp-image-1364\" style=\"width:5px;height:45px\" width=\"5\" height=\"45\"\/><\/figure>\n\n\n\n<p>Le\u00f1a<\/p>\n<\/div>\n<\/div>\n<\/div>\n<\/div>\n<\/div>\n<\/div>\n","protected":false},"excerpt":{"rendered":"<p>Inga vera Willd. Todas las especies de Inga sp. se asocian con rizobacterias que fijan el nitr\u00f3geno atmosf\u00e9rico, lo cual beneficia a la flora que compone los cafetales. Es una especie de r\u00e1pido crecimiento que produce sombra al cabo de tres a\u00f1os. Las flores son mel\u00edferas y contribuyen a la producci\u00f3n de miel de buena [&hellip;]<\/p>\n","protected":false},"author":2,"featured_media":1308,"parent":80,"menu_order":2,"comment_status":"closed","ping_status":"closed","template":"","meta":{"inline_featured_image":false,"footnotes":""},"class_list":["post-982","page","type-page","status-publish","has-post-thumbnail","hentry"],"yoast_head":"<!-- This site is optimized with the Yoast SEO plugin v27.3 - https:\/\/yoast.com\/product\/yoast-seo-wordpress\/ -->\n<title>Captura de Carbono en Cafetales Bajo Sombra | Chalahuite<\/title>\n<meta name=\"robots\" content=\"index, follow, max-snippet:-1, max-image-preview:large, max-video-preview:-1\" \/>\n<link rel=\"canonical\" href=\"https:\/\/pronaturaveracruz.org\/capturacarbono\/especies-seleccionadas\/chalahuite\/\" \/>\n<meta property=\"og:locale\" content=\"es_MX\" \/>\n<meta property=\"og:type\" content=\"article\" \/>\n<meta property=\"og:title\" content=\"Captura de Carbono en Cafetales Bajo Sombra | Chalahuite\" \/>\n<meta property=\"og:description\" content=\"Inga vera Willd. Todas las especies de Inga sp. se asocian con rizobacterias que fijan el nitr\u00f3geno atmosf\u00e9rico, lo cual beneficia a la flora que compone los cafetales. Es una especie de r\u00e1pido crecimiento que produce sombra al cabo de tres a\u00f1os. Las flores son mel\u00edferas y contribuyen a la producci\u00f3n de miel de buena [&hellip;]\" \/>\n<meta property=\"og:url\" content=\"https:\/\/pronaturaveracruz.org\/capturacarbono\/especies-seleccionadas\/chalahuite\/\" \/>\n<meta property=\"og:site_name\" content=\"Captura de Carbono en Cafetales Bajo Sombra\" \/>\n<meta property=\"article:publisher\" content=\"https:\/\/www.facebook.com\/PronaturaVeracruz\/\" \/>\n<meta property=\"article:modified_time\" content=\"2023-10-05T05:54:36+00:00\" \/>\n<meta property=\"og:image\" content=\"https:\/\/pronaturaveracruz.org\/capturacarbono\/wp-content\/uploads\/Chalahuite-full.jpg\" \/>\n\t<meta property=\"og:image:width\" content=\"450\" \/>\n\t<meta property=\"og:image:height\" content=\"600\" \/>\n\t<meta property=\"og:image:type\" content=\"image\/jpeg\" \/>\n<meta name=\"twitter:card\" content=\"summary_large_image\" \/>\n<meta name=\"twitter:site\" content=\"@Pronatura_Ver\" \/>\n<meta name=\"twitter:label1\" content=\"Tiempo de lectura\" \/>\n\t<meta name=\"twitter:data1\" content=\"2 minutos\" \/>\n<script type=\"application\/ld+json\" class=\"yoast-schema-graph\">{\"@context\":\"https:\\\/\\\/schema.org\",\"@graph\":[{\"@type\":\"WebPage\",\"@id\":\"https:\\\/\\\/pronaturaveracruz.org\\\/capturacarbono\\\/especies-seleccionadas\\\/chalahuite\\\/\",\"url\":\"https:\\\/\\\/pronaturaveracruz.org\\\/capturacarbono\\\/especies-seleccionadas\\\/chalahuite\\\/\",\"name\":\"Captura de Carbono en Cafetales Bajo Sombra | Chalahuite\",\"isPartOf\":{\"@id\":\"https:\\\/\\\/pronaturaveracruz.org\\\/capturacarbono\\\/#website\"},\"primaryImageOfPage\":{\"@id\":\"https:\\\/\\\/pronaturaveracruz.org\\\/capturacarbono\\\/especies-seleccionadas\\\/chalahuite\\\/#primaryimage\"},\"image\":{\"@id\":\"https:\\\/\\\/pronaturaveracruz.org\\\/capturacarbono\\\/especies-seleccionadas\\\/chalahuite\\\/#primaryimage\"},\"thumbnailUrl\":\"https:\\\/\\\/pronaturaveracruz.org\\\/capturacarbono\\\/wp-content\\\/uploads\\\/Chalahuite-full.jpg\",\"datePublished\":\"2023-01-15T23:43:49+00:00\",\"dateModified\":\"2023-10-05T05:54:36+00:00\",\"breadcrumb\":{\"@id\":\"https:\\\/\\\/pronaturaveracruz.org\\\/capturacarbono\\\/especies-seleccionadas\\\/chalahuite\\\/#breadcrumb\"},\"inLanguage\":\"es\",\"potentialAction\":[{\"@type\":\"ReadAction\",\"target\":[\"https:\\\/\\\/pronaturaveracruz.org\\\/capturacarbono\\\/especies-seleccionadas\\\/chalahuite\\\/\"]}]},{\"@type\":\"ImageObject\",\"inLanguage\":\"es\",\"@id\":\"https:\\\/\\\/pronaturaveracruz.org\\\/capturacarbono\\\/especies-seleccionadas\\\/chalahuite\\\/#primaryimage\",\"url\":\"https:\\\/\\\/pronaturaveracruz.org\\\/capturacarbono\\\/wp-content\\\/uploads\\\/Chalahuite-full.jpg\",\"contentUrl\":\"https:\\\/\\\/pronaturaveracruz.org\\\/capturacarbono\\\/wp-content\\\/uploads\\\/Chalahuite-full.jpg\",\"width\":450,\"height\":600,\"caption\":\"Inga vera\"},{\"@type\":\"BreadcrumbList\",\"@id\":\"https:\\\/\\\/pronaturaveracruz.org\\\/capturacarbono\\\/especies-seleccionadas\\\/chalahuite\\\/#breadcrumb\",\"itemListElement\":[{\"@type\":\"ListItem\",\"position\":1,\"name\":\"Inicio\",\"item\":\"https:\\\/\\\/pronaturaveracruz.org\\\/capturacarbono\\\/\"},{\"@type\":\"ListItem\",\"position\":2,\"name\":\"Especies Seleccionadas\",\"item\":\"https:\\\/\\\/pronaturaveracruz.org\\\/capturacarbono\\\/especies-seleccionadas\\\/\"},{\"@type\":\"ListItem\",\"position\":3,\"name\":\"Chalahuite\"}]},{\"@type\":\"WebSite\",\"@id\":\"https:\\\/\\\/pronaturaveracruz.org\\\/capturacarbono\\\/#website\",\"url\":\"https:\\\/\\\/pronaturaveracruz.org\\\/capturacarbono\\\/\",\"name\":\"Captura de Carbono en Cafetales Bajo Sombra\",\"description\":\"Buscamos aumentar y fortalecer la capacidad de las y los peque\u00f1os productores para mitigar el Cambio Clim\u00e1tico mediante el desarrollo de una metodolog\u00eda que emplee especies de \u00e1rboles nativos que mejoren el almacenamiento de carbono a largo plazo en plantaciones y ofrezcan servicios ecosist\u00e9micos que puedan apoyar a las comunidades locales.\",\"publisher\":{\"@id\":\"https:\\\/\\\/pronaturaveracruz.org\\\/capturacarbono\\\/#organization\"},\"potentialAction\":[{\"@type\":\"SearchAction\",\"target\":{\"@type\":\"EntryPoint\",\"urlTemplate\":\"https:\\\/\\\/pronaturaveracruz.org\\\/capturacarbono\\\/?s={search_term_string}\"},\"query-input\":{\"@type\":\"PropertyValueSpecification\",\"valueRequired\":true,\"valueName\":\"search_term_string\"}}],\"inLanguage\":\"es\"},{\"@type\":\"Organization\",\"@id\":\"https:\\\/\\\/pronaturaveracruz.org\\\/capturacarbono\\\/#organization\",\"name\":\"Pronatura Veracruz A.C.\",\"alternateName\":\"Pronatura\",\"url\":\"https:\\\/\\\/pronaturaveracruz.org\\\/capturacarbono\\\/\",\"logo\":{\"@type\":\"ImageObject\",\"inLanguage\":\"es\",\"@id\":\"https:\\\/\\\/pronaturaveracruz.org\\\/capturacarbono\\\/#\\\/schema\\\/logo\\\/image\\\/\",\"url\":\"https:\\\/\\\/pronaturaveracruz.org\\\/capturacarbono\\\/wp-content\\\/uploads\\\/2022\\\/11\\\/logo-prontura.svg\",\"contentUrl\":\"https:\\\/\\\/pronaturaveracruz.org\\\/capturacarbono\\\/wp-content\\\/uploads\\\/2022\\\/11\\\/logo-prontura.svg\",\"width\":82,\"height\":67,\"caption\":\"Pronatura Veracruz A.C.\"},\"image\":{\"@id\":\"https:\\\/\\\/pronaturaveracruz.org\\\/capturacarbono\\\/#\\\/schema\\\/logo\\\/image\\\/\"},\"sameAs\":[\"https:\\\/\\\/www.facebook.com\\\/PronaturaVeracruz\\\/\",\"https:\\\/\\\/x.com\\\/Pronatura_Ver\",\"https:\\\/\\\/www.instagram.com\\\/pronatura_veracruz\\\/\",\"https:\\\/\\\/www.youtube.com\\\/channel\\\/UCBK7UCNY2AECjqaglAPYDIA\"]}]}<\/script>\n<!-- \/ Yoast SEO plugin. -->","yoast_head_json":{"title":"Captura de Carbono en Cafetales Bajo Sombra | Chalahuite","robots":{"index":"index","follow":"follow","max-snippet":"max-snippet:-1","max-image-preview":"max-image-preview:large","max-video-preview":"max-video-preview:-1"},"canonical":"https:\/\/pronaturaveracruz.org\/capturacarbono\/especies-seleccionadas\/chalahuite\/","og_locale":"es_MX","og_type":"article","og_title":"Captura de Carbono en Cafetales Bajo Sombra | Chalahuite","og_description":"Inga vera Willd. Todas las especies de Inga sp. se asocian con rizobacterias que fijan el nitr\u00f3geno atmosf\u00e9rico, lo cual beneficia a la flora que compone los cafetales. Es una especie de r\u00e1pido crecimiento que produce sombra al cabo de tres a\u00f1os. Las flores son mel\u00edferas y contribuyen a la producci\u00f3n de miel de buena [&hellip;]","og_url":"https:\/\/pronaturaveracruz.org\/capturacarbono\/especies-seleccionadas\/chalahuite\/","og_site_name":"Captura de Carbono en Cafetales Bajo Sombra","article_publisher":"https:\/\/www.facebook.com\/PronaturaVeracruz\/","article_modified_time":"2023-10-05T05:54:36+00:00","og_image":[{"width":450,"height":600,"url":"https:\/\/pronaturaveracruz.org\/capturacarbono\/wp-content\/uploads\/Chalahuite-full.jpg","type":"image\/jpeg"}],"twitter_card":"summary_large_image","twitter_site":"@Pronatura_Ver","twitter_misc":{"Tiempo de lectura":"2 minutos"},"schema":{"@context":"https:\/\/schema.org","@graph":[{"@type":"WebPage","@id":"https:\/\/pronaturaveracruz.org\/capturacarbono\/especies-seleccionadas\/chalahuite\/","url":"https:\/\/pronaturaveracruz.org\/capturacarbono\/especies-seleccionadas\/chalahuite\/","name":"Captura de Carbono en Cafetales Bajo Sombra | Chalahuite","isPartOf":{"@id":"https:\/\/pronaturaveracruz.org\/capturacarbono\/#website"},"primaryImageOfPage":{"@id":"https:\/\/pronaturaveracruz.org\/capturacarbono\/especies-seleccionadas\/chalahuite\/#primaryimage"},"image":{"@id":"https:\/\/pronaturaveracruz.org\/capturacarbono\/especies-seleccionadas\/chalahuite\/#primaryimage"},"thumbnailUrl":"https:\/\/pronaturaveracruz.org\/capturacarbono\/wp-content\/uploads\/Chalahuite-full.jpg","datePublished":"2023-01-15T23:43:49+00:00","dateModified":"2023-10-05T05:54:36+00:00","breadcrumb":{"@id":"https:\/\/pronaturaveracruz.org\/capturacarbono\/especies-seleccionadas\/chalahuite\/#breadcrumb"},"inLanguage":"es","potentialAction":[{"@type":"ReadAction","target":["https:\/\/pronaturaveracruz.org\/capturacarbono\/especies-seleccionadas\/chalahuite\/"]}]},{"@type":"ImageObject","inLanguage":"es","@id":"https:\/\/pronaturaveracruz.org\/capturacarbono\/especies-seleccionadas\/chalahuite\/#primaryimage","url":"https:\/\/pronaturaveracruz.org\/capturacarbono\/wp-content\/uploads\/Chalahuite-full.jpg","contentUrl":"https:\/\/pronaturaveracruz.org\/capturacarbono\/wp-content\/uploads\/Chalahuite-full.jpg","width":450,"height":600,"caption":"Inga vera"},{"@type":"BreadcrumbList","@id":"https:\/\/pronaturaveracruz.org\/capturacarbono\/especies-seleccionadas\/chalahuite\/#breadcrumb","itemListElement":[{"@type":"ListItem","position":1,"name":"Inicio","item":"https:\/\/pronaturaveracruz.org\/capturacarbono\/"},{"@type":"ListItem","position":2,"name":"Especies Seleccionadas","item":"https:\/\/pronaturaveracruz.org\/capturacarbono\/especies-seleccionadas\/"},{"@type":"ListItem","position":3,"name":"Chalahuite"}]},{"@type":"WebSite","@id":"https:\/\/pronaturaveracruz.org\/capturacarbono\/#website","url":"https:\/\/pronaturaveracruz.org\/capturacarbono\/","name":"Captura de Carbono en Cafetales Bajo Sombra","description":"Buscamos aumentar y fortalecer la capacidad de las y los peque\u00f1os productores para mitigar el Cambio Clim\u00e1tico mediante el desarrollo de una metodolog\u00eda que emplee especies de \u00e1rboles nativos que mejoren el almacenamiento de carbono a largo plazo en plantaciones y ofrezcan servicios ecosist\u00e9micos que puedan apoyar a las comunidades locales.","publisher":{"@id":"https:\/\/pronaturaveracruz.org\/capturacarbono\/#organization"},"potentialAction":[{"@type":"SearchAction","target":{"@type":"EntryPoint","urlTemplate":"https:\/\/pronaturaveracruz.org\/capturacarbono\/?s={search_term_string}"},"query-input":{"@type":"PropertyValueSpecification","valueRequired":true,"valueName":"search_term_string"}}],"inLanguage":"es"},{"@type":"Organization","@id":"https:\/\/pronaturaveracruz.org\/capturacarbono\/#organization","name":"Pronatura Veracruz A.C.","alternateName":"Pronatura","url":"https:\/\/pronaturaveracruz.org\/capturacarbono\/","logo":{"@type":"ImageObject","inLanguage":"es","@id":"https:\/\/pronaturaveracruz.org\/capturacarbono\/#\/schema\/logo\/image\/","url":"https:\/\/pronaturaveracruz.org\/capturacarbono\/wp-content\/uploads\/2022\/11\/logo-prontura.svg","contentUrl":"https:\/\/pronaturaveracruz.org\/capturacarbono\/wp-content\/uploads\/2022\/11\/logo-prontura.svg","width":82,"height":67,"caption":"Pronatura Veracruz A.C."},"image":{"@id":"https:\/\/pronaturaveracruz.org\/capturacarbono\/#\/schema\/logo\/image\/"},"sameAs":["https:\/\/www.facebook.com\/PronaturaVeracruz\/","https:\/\/x.com\/Pronatura_Ver","https:\/\/www.instagram.com\/pronatura_veracruz\/","https:\/\/www.youtube.com\/channel\/UCBK7UCNY2AECjqaglAPYDIA"]}]}},"_links":{"self":[{"href":"https:\/\/pronaturaveracruz.org\/capturacarbono\/wp-json\/wp\/v2\/pages\/982","targetHints":{"allow":["GET"]}}],"collection":[{"href":"https:\/\/pronaturaveracruz.org\/capturacarbono\/wp-json\/wp\/v2\/pages"}],"about":[{"href":"https:\/\/pronaturaveracruz.org\/capturacarbono\/wp-json\/wp\/v2\/types\/page"}],"author":[{"embeddable":true,"href":"https:\/\/pronaturaveracruz.org\/capturacarbono\/wp-json\/wp\/v2\/users\/2"}],"replies":[{"embeddable":true,"href":"https:\/\/pronaturaveracruz.org\/capturacarbono\/wp-json\/wp\/v2\/comments?post=982"}],"version-history":[{"count":3,"href":"https:\/\/pronaturaveracruz.org\/capturacarbono\/wp-json\/wp\/v2\/pages\/982\/revisions"}],"predecessor-version":[{"id":1917,"href":"https:\/\/pronaturaveracruz.org\/capturacarbono\/wp-json\/wp\/v2\/pages\/982\/revisions\/1917"}],"up":[{"embeddable":true,"href":"https:\/\/pronaturaveracruz.org\/capturacarbono\/wp-json\/wp\/v2\/pages\/80"}],"wp:featuredmedia":[{"embeddable":true,"href":"https:\/\/pronaturaveracruz.org\/capturacarbono\/wp-json\/wp\/v2\/media\/1308"}],"wp:attachment":[{"href":"https:\/\/pronaturaveracruz.org\/capturacarbono\/wp-json\/wp\/v2\/media?parent=982"}],"curies":[{"name":"wp","href":"https:\/\/api.w.org\/{rel}","templated":true}]}}