{"id":1645,"date":"2023-02-03T00:08:11","date_gmt":"2023-02-03T06:08:11","guid":{"rendered":"https:\/\/pronaturaveracruz.org\/capturacarbono\/?page_id=1645"},"modified":"2023-02-03T00:27:17","modified_gmt":"2023-02-03T06:27:17","slug":"productores-participantes","status":"publish","type":"page","link":"https:\/\/pronaturaveracruz.org\/capturacarbono\/productores-participantes\/","title":{"rendered":"Productores Participantes"},"content":{"rendered":"\n<section class=\"wp-block-group alignfull slider is-horizontal is-content-justification-center is-nowrap is-layout-flex wp-container-core-group-is-layout-18eaef89 wp-block-group-is-layout-flex\" id=\"carrusel\"><style id=\"depicter-102-inline-pre-css\">\n\n.depicter-revert.depicter-102{\n\tmin-height:360px;\n\tbackground-color:transparent;\n}\n.depicter-102:not(.depicter-ready){\n\theight:850px;\n}\n\n\/***** Tablet *****\/\n@media screen and (max-width: 1024px){\n\n.depicter-revert.depicter-102{\n\tmin-height:360px;\n}\n.depicter-102:not(.depicter-ready){\n\theight:450px;\n}\n\n}\n\/***** Mobile *****\/\n@media screen and (max-width: 767px){\n\n.depicter-revert.depicter-102{\n\tmin-height:360px;\n}\n.depicter-102:not(.depicter-ready){\n\theight:600px;\n}\n\n}\n<\/style>\n<div id=\"depicter-102\" class=\"depicter depicter-document depicter-revert depicter-102 depicter-layout-fullwidth\">\n\n<div class=\"depicter-loading-container depicter-loading puff-dark\"><svg class=\"depicter-single-svg-loading\" viewBox=\"0 0 44 44\" xmlns=\"http:\/\/www.w3.org\/2000\/svg\">\n   <g fill=\"none\" fill-rule=\"evenodd\" stroke-width=\"2\">\n      <circle cx=\"22\" cy=\"22\" r=\"1\">\n         <animate attributeName=\"r\" begin=\"0s\" dur=\"1.8s\" values=\"1; 20\" calcMode=\"spline\" keyTimes=\"0; 1\" keySplines=\"0.165, 0.84, 0.44, 1\" repeatCount=\"indefinite\" \/>\n         <animate attributeName=\"stroke-opacity\" begin=\"0s\" dur=\"1.8s\" values=\"1; 0\" calcMode=\"spline\" keyTimes=\"0; 1\" keySplines=\"0.3, 0.61, 0.355, 1\" repeatCount=\"indefinite\" \/>\n      <\/circle>\n      <circle cx=\"22\" cy=\"22\" r=\"1\">\n         <animate attributeName=\"r\" begin=\"-0.9s\" dur=\"1.8s\" values=\"1; 20\" calcMode=\"spline\" keyTimes=\"0; 1\" keySplines=\"0.165, 0.84, 0.44, 1\" repeatCount=\"indefinite\" \/>\n         <animate attributeName=\"stroke-opacity\" begin=\"-0.9s\" dur=\"1.8s\" values=\"1; 0\" calcMode=\"spline\" keyTimes=\"0; 1\" keySplines=\"0.3, 0.61, 0.355, 1\" repeatCount=\"indefinite\" \/>\n      <\/circle>\n   <\/g>\n<\/svg>\n<\/div>\n<div id=\"depicter-102-section-1\" class=\"depicter-section depicter-102-section-1\" data-name=\"Captura de Carbono en Cafetales Bajo Sombra\" data-type=\"section\" data-local-id=\"section-1\">\n<picture class=\"depicter-bg\">\n<source data-depicter-srcset=\"https:\/\/pronaturaveracruz.org\/capturacarbono\/wp-content\/uploads\/230107-Cascada_Cafetales-118-768x1152.jpg, https:\/\/pronaturaveracruz.org\/capturacarbono\/wp-content\/uploads\/230107-Cascada_Cafetales-118.jpg 2x\" srcset=\"data:image\/gif;base64,R0lGODlhAQABAIAAAAAAAP\/\/\/yH5BAEAAAAALAAAAAABAAEAAAIBRAA7\" media=\"(max-width: 1024px)\" \/>\n\n<source data-depicter-srcset=\"https:\/\/pronaturaveracruz.org\/capturacarbono\/wp-content\/uploads\/230107-Cascada_Cafetales-118.jpg, https:\/\/pronaturaveracruz.org\/capturacarbono\/wp-content\/uploads\/230107-Cascada_Cafetales-118-1365x2048.jpg 2x\" srcset=\"data:image\/gif;base64,R0lGODlhAQABAIAAAAAAAP\/\/\/yH5BAEAAAAALAAAAAABAAEAAAIBRAA7\" media=\"(min-width: 1025px)\" \/>\n<img decoding=\"async\" src=\"data:image\/gif;base64,R0lGODlhAQABAIAAAAAAAP\/\/\/yH5BAEAAAAALAAAAAABAAEAAAIBRAA7\" alt=\"Quienes somos\" data-depicter-src=\"https:\/\/pronaturaveracruz.org\/capturacarbono\/wp-content\/uploads\/230107-Cascada_Cafetales-118.jpg\" data-object-fit=\"cover,cover,cover\" data-object-position=\"right center,center center,center center\" \/>\n<\/picture>\n\n\n<div id=\"depicter-102-element-18\" class=\"depicter-element depicter-layer depicter-102-element-18\" data-type=\"shape\" data-wrap=\"false\" data-name=\"Shape 1\" data-local-id=\"element-18\" data-offset=\"x:0px;y:0px;origin:ml\" data-width=\"100%,,\" data-height=\"100%,,\" data-responsive-scale=\"true,,\"><\/div>\n<\/div>\n<\/div>\n<script>\n(window.depicterSetups = window.depicterSetups || []).push(function(){\n\tDepicter.basePath = 'https:\/\/pronaturaveracruz.org\/capturacarbono\/wp-content\/plugins\/depicter\/resources\/scripts\/player\/';\n\tconst dpPlayer = Depicter.setup('.depicter-102',\n\t\t{\"width\":[\"1920\",\"1024\",\"720\"],\"height\":[\"850\",\"450\",\"600\"],\"view\":\"basic\",\"keepAspectRatio\":true,\"preload\":\"all\",\"layout\":\"fullwidth\",\"rtl\":false,\"initAfterAppear\":false,\"ajaxApiUrl\":\"https:\\\/\\\/pronaturaveracruz.org\\\/capturacarbono\\\/wp-admin\\\/admin-ajax.php\",\"viewOptions\":{\"loop\":false},\"mouseSwipe\":false,\"touchSwipe\":false,\"keyboard\":false,\"useWatermark\":false}\n\t);\n});\n<\/script><\/section>\n\n\n\n<div class=\"wp-block-columns is-layout-flex wp-container-core-columns-is-layout-84d1aee3 wp-block-columns-is-layout-flex\" style=\"margin-top:0;margin-bottom:0;padding-top:var(--wp--preset--spacing--30);padding-right:var(--wp--preset--spacing--30);padding-bottom:var(--wp--preset--spacing--30);padding-left:var(--wp--preset--spacing--30)\">\n<div class=\"wp-block-column is-vertically-aligned-top has-global-padding is-layout-constrained wp-container-core-column-is-layout-254f1302 wp-block-column-is-layout-constrained\" style=\"padding-top:0;padding-right:0;padding-bottom:0;padding-left:0;flex-basis:100%\">\n<div class=\"wp-block-group is-vertical is-content-justification-left is-layout-flex wp-container-core-group-is-layout-c4594676 wp-block-group-is-layout-flex\" style=\"padding-top:var(--wp--preset--spacing--30);padding-right:var(--wp--preset--spacing--30);padding-bottom:var(--wp--preset--spacing--30);padding-left:var(--wp--preset--spacing--30)\">\n<div style=\"height:5vh\" aria-hidden=\"true\" class=\"wp-block-spacer\"><\/div>\n\n\n\n<h2 class=\"has-text-align-left has-contrast-color has-text-color has-x-large-font-size wp-block-heading\"><img loading=\"lazy\" decoding=\"async\" width=\"5\" height=\"33\" class=\"wp-image-349\" style=\"width: 5px;\" src=\"https:\/\/pronaturaveracruz.org\/capturacarbono\/wp-content\/uploads\/red-mark.svg\" alt=\"red-mark\"> Productores\/as Participantes<\/h2>\n\n\n\n<p class=\"has-contrast-color has-text-color\">El objetivo del Proyecto es fortalecer la capacidad de las plantaciones de peque\u00f1os agricultores para conservar la biodiversidad y mejorar los medios de vida, aprovechando los beneficios del uso de cafetales bajo sombra en Xico, Teocelo, Ixhuatl\u00e1n del Caf\u00e9, Huatusco y Coatepec en Veracruz, M\u00e9xico.<br>Las y los productores de caf\u00e9 de la regi\u00f3n son el coraz\u00f3n de este proyecto, pues el sustento de muchas personas en el estado proviene de la producci\u00f3n de este grano.<\/p>\n\n\n\n<div style=\"height:5vh\" aria-hidden=\"true\" class=\"wp-block-spacer\"><\/div>\n<\/div>\n<\/div>\n<\/div>\n","protected":false},"excerpt":{"rendered":"<p>Productores\/as Participantes El objetivo del Proyecto es fortalecer la capacidad de las plantaciones de peque\u00f1os agricultores para conservar la biodiversidad y mejorar los medios de vida, aprovechando los beneficios del uso de cafetales bajo sombra en Xico, Teocelo, Ixhuatl\u00e1n del Caf\u00e9, Huatusco y Coatepec en Veracruz, M\u00e9xico.Las y los productores de caf\u00e9 de la regi\u00f3n [&hellip;]<\/p>\n","protected":false},"author":2,"featured_media":0,"parent":0,"menu_order":5,"comment_status":"closed","ping_status":"closed","template":"","meta":{"inline_featured_image":false,"footnotes":""},"class_list":["post-1645","page","type-page","status-publish","hentry"],"yoast_head":"<!-- This site is optimized with the Yoast SEO plugin v27.3 - https:\/\/yoast.com\/product\/yoast-seo-wordpress\/ -->\n<title>Captura de Carbono en Cafetales Bajo Sombra | Productores Participantes<\/title>\n<meta name=\"robots\" content=\"index, follow, max-snippet:-1, max-image-preview:large, max-video-preview:-1\" \/>\n<link rel=\"canonical\" href=\"https:\/\/pronaturaveracruz.org\/capturacarbono\/productores-participantes\/\" \/>\n<meta property=\"og:locale\" content=\"es_MX\" \/>\n<meta property=\"og:type\" content=\"article\" \/>\n<meta property=\"og:title\" content=\"Captura de Carbono en Cafetales Bajo Sombra | Productores Participantes\" \/>\n<meta property=\"og:description\" content=\"Productores\/as Participantes El objetivo del Proyecto es fortalecer la capacidad de las plantaciones de peque\u00f1os agricultores para conservar la biodiversidad y mejorar los medios de vida, aprovechando los beneficios del uso de cafetales bajo sombra en Xico, Teocelo, Ixhuatl\u00e1n del Caf\u00e9, Huatusco y Coatepec en Veracruz, M\u00e9xico.Las y los productores de caf\u00e9 de la regi\u00f3n [&hellip;]\" \/>\n<meta property=\"og:url\" content=\"https:\/\/pronaturaveracruz.org\/capturacarbono\/productores-participantes\/\" \/>\n<meta property=\"og:site_name\" content=\"Captura de Carbono en Cafetales Bajo Sombra\" \/>\n<meta property=\"article:publisher\" content=\"https:\/\/www.facebook.com\/PronaturaVeracruz\/\" \/>\n<meta property=\"article:modified_time\" content=\"2023-02-03T06:27:17+00:00\" \/>\n<meta property=\"og:image\" content=\"https:\/\/pronaturaveracruz.org\/capturacarbono\/wp-content\/uploads\/red-mark.svg\" \/>\n<meta name=\"twitter:card\" content=\"summary_large_image\" \/>\n<meta name=\"twitter:site\" content=\"@Pronatura_Ver\" \/>\n<meta name=\"twitter:label1\" content=\"Tiempo de lectura\" \/>\n\t<meta name=\"twitter:data1\" content=\"1 minuto\" \/>\n<script type=\"application\/ld+json\" class=\"yoast-schema-graph\">{\"@context\":\"https:\\\/\\\/schema.org\",\"@graph\":[{\"@type\":\"WebPage\",\"@id\":\"https:\\\/\\\/pronaturaveracruz.org\\\/capturacarbono\\\/productores-participantes\\\/\",\"url\":\"https:\\\/\\\/pronaturaveracruz.org\\\/capturacarbono\\\/productores-participantes\\\/\",\"name\":\"Captura de Carbono en Cafetales Bajo Sombra | Productores Participantes\",\"isPartOf\":{\"@id\":\"https:\\\/\\\/pronaturaveracruz.org\\\/capturacarbono\\\/#website\"},\"primaryImageOfPage\":{\"@id\":\"https:\\\/\\\/pronaturaveracruz.org\\\/capturacarbono\\\/productores-participantes\\\/#primaryimage\"},\"image\":{\"@id\":\"https:\\\/\\\/pronaturaveracruz.org\\\/capturacarbono\\\/productores-participantes\\\/#primaryimage\"},\"thumbnailUrl\":\"https:\\\/\\\/pronaturaveracruz.org\\\/capturacarbono\\\/wp-content\\\/uploads\\\/red-mark.svg\",\"datePublished\":\"2023-02-03T06:08:11+00:00\",\"dateModified\":\"2023-02-03T06:27:17+00:00\",\"breadcrumb\":{\"@id\":\"https:\\\/\\\/pronaturaveracruz.org\\\/capturacarbono\\\/productores-participantes\\\/#breadcrumb\"},\"inLanguage\":\"es\",\"potentialAction\":[{\"@type\":\"ReadAction\",\"target\":[\"https:\\\/\\\/pronaturaveracruz.org\\\/capturacarbono\\\/productores-participantes\\\/\"]}]},{\"@type\":\"ImageObject\",\"inLanguage\":\"es\",\"@id\":\"https:\\\/\\\/pronaturaveracruz.org\\\/capturacarbono\\\/productores-participantes\\\/#primaryimage\",\"url\":\"https:\\\/\\\/pronaturaveracruz.org\\\/capturacarbono\\\/wp-content\\\/uploads\\\/red-mark.svg\",\"contentUrl\":\"https:\\\/\\\/pronaturaveracruz.org\\\/capturacarbono\\\/wp-content\\\/uploads\\\/red-mark.svg\",\"width\":5,\"height\":33,\"caption\":\"red-mark\"},{\"@type\":\"BreadcrumbList\",\"@id\":\"https:\\\/\\\/pronaturaveracruz.org\\\/capturacarbono\\\/productores-participantes\\\/#breadcrumb\",\"itemListElement\":[{\"@type\":\"ListItem\",\"position\":1,\"name\":\"Inicio\",\"item\":\"https:\\\/\\\/pronaturaveracruz.org\\\/capturacarbono\\\/\"},{\"@type\":\"ListItem\",\"position\":2,\"name\":\"Productores Participantes\"}]},{\"@type\":\"WebSite\",\"@id\":\"https:\\\/\\\/pronaturaveracruz.org\\\/capturacarbono\\\/#website\",\"url\":\"https:\\\/\\\/pronaturaveracruz.org\\\/capturacarbono\\\/\",\"name\":\"Captura de Carbono en Cafetales Bajo Sombra\",\"description\":\"Buscamos aumentar y fortalecer la capacidad de las y los peque\u00f1os productores para mitigar el Cambio Clim\u00e1tico mediante el desarrollo de una metodolog\u00eda que emplee especies de \u00e1rboles nativos que mejoren el almacenamiento de carbono a largo plazo en plantaciones y ofrezcan servicios ecosist\u00e9micos que puedan apoyar a las comunidades locales.\",\"publisher\":{\"@id\":\"https:\\\/\\\/pronaturaveracruz.org\\\/capturacarbono\\\/#organization\"},\"potentialAction\":[{\"@type\":\"SearchAction\",\"target\":{\"@type\":\"EntryPoint\",\"urlTemplate\":\"https:\\\/\\\/pronaturaveracruz.org\\\/capturacarbono\\\/?s={search_term_string}\"},\"query-input\":{\"@type\":\"PropertyValueSpecification\",\"valueRequired\":true,\"valueName\":\"search_term_string\"}}],\"inLanguage\":\"es\"},{\"@type\":\"Organization\",\"@id\":\"https:\\\/\\\/pronaturaveracruz.org\\\/capturacarbono\\\/#organization\",\"name\":\"Pronatura Veracruz A.C.\",\"alternateName\":\"Pronatura\",\"url\":\"https:\\\/\\\/pronaturaveracruz.org\\\/capturacarbono\\\/\",\"logo\":{\"@type\":\"ImageObject\",\"inLanguage\":\"es\",\"@id\":\"https:\\\/\\\/pronaturaveracruz.org\\\/capturacarbono\\\/#\\\/schema\\\/logo\\\/image\\\/\",\"url\":\"https:\\\/\\\/pronaturaveracruz.org\\\/capturacarbono\\\/wp-content\\\/uploads\\\/2022\\\/11\\\/logo-prontura.svg\",\"contentUrl\":\"https:\\\/\\\/pronaturaveracruz.org\\\/capturacarbono\\\/wp-content\\\/uploads\\\/2022\\\/11\\\/logo-prontura.svg\",\"width\":82,\"height\":67,\"caption\":\"Pronatura Veracruz A.C.\"},\"image\":{\"@id\":\"https:\\\/\\\/pronaturaveracruz.org\\\/capturacarbono\\\/#\\\/schema\\\/logo\\\/image\\\/\"},\"sameAs\":[\"https:\\\/\\\/www.facebook.com\\\/PronaturaVeracruz\\\/\",\"https:\\\/\\\/x.com\\\/Pronatura_Ver\",\"https:\\\/\\\/www.instagram.com\\\/pronatura_veracruz\\\/\",\"https:\\\/\\\/www.youtube.com\\\/channel\\\/UCBK7UCNY2AECjqaglAPYDIA\"]}]}<\/script>\n<!-- \/ Yoast SEO plugin. -->","yoast_head_json":{"title":"Captura de Carbono en Cafetales Bajo Sombra | Productores Participantes","robots":{"index":"index","follow":"follow","max-snippet":"max-snippet:-1","max-image-preview":"max-image-preview:large","max-video-preview":"max-video-preview:-1"},"canonical":"https:\/\/pronaturaveracruz.org\/capturacarbono\/productores-participantes\/","og_locale":"es_MX","og_type":"article","og_title":"Captura de Carbono en Cafetales Bajo Sombra | Productores Participantes","og_description":"Productores\/as Participantes El objetivo del Proyecto es fortalecer la capacidad de las plantaciones de peque\u00f1os agricultores para conservar la biodiversidad y mejorar los medios de vida, aprovechando los beneficios del uso de cafetales bajo sombra en Xico, Teocelo, Ixhuatl\u00e1n del Caf\u00e9, Huatusco y Coatepec en Veracruz, M\u00e9xico.Las y los productores de caf\u00e9 de la regi\u00f3n [&hellip;]","og_url":"https:\/\/pronaturaveracruz.org\/capturacarbono\/productores-participantes\/","og_site_name":"Captura de Carbono en Cafetales Bajo Sombra","article_publisher":"https:\/\/www.facebook.com\/PronaturaVeracruz\/","article_modified_time":"2023-02-03T06:27:17+00:00","og_image":[{"url":"https:\/\/pronaturaveracruz.org\/capturacarbono\/wp-content\/uploads\/red-mark.svg","type":"","width":"","height":""}],"twitter_card":"summary_large_image","twitter_site":"@Pronatura_Ver","twitter_misc":{"Tiempo de lectura":"1 minuto"},"schema":{"@context":"https:\/\/schema.org","@graph":[{"@type":"WebPage","@id":"https:\/\/pronaturaveracruz.org\/capturacarbono\/productores-participantes\/","url":"https:\/\/pronaturaveracruz.org\/capturacarbono\/productores-participantes\/","name":"Captura de Carbono en Cafetales Bajo Sombra | Productores Participantes","isPartOf":{"@id":"https:\/\/pronaturaveracruz.org\/capturacarbono\/#website"},"primaryImageOfPage":{"@id":"https:\/\/pronaturaveracruz.org\/capturacarbono\/productores-participantes\/#primaryimage"},"image":{"@id":"https:\/\/pronaturaveracruz.org\/capturacarbono\/productores-participantes\/#primaryimage"},"thumbnailUrl":"https:\/\/pronaturaveracruz.org\/capturacarbono\/wp-content\/uploads\/red-mark.svg","datePublished":"2023-02-03T06:08:11+00:00","dateModified":"2023-02-03T06:27:17+00:00","breadcrumb":{"@id":"https:\/\/pronaturaveracruz.org\/capturacarbono\/productores-participantes\/#breadcrumb"},"inLanguage":"es","potentialAction":[{"@type":"ReadAction","target":["https:\/\/pronaturaveracruz.org\/capturacarbono\/productores-participantes\/"]}]},{"@type":"ImageObject","inLanguage":"es","@id":"https:\/\/pronaturaveracruz.org\/capturacarbono\/productores-participantes\/#primaryimage","url":"https:\/\/pronaturaveracruz.org\/capturacarbono\/wp-content\/uploads\/red-mark.svg","contentUrl":"https:\/\/pronaturaveracruz.org\/capturacarbono\/wp-content\/uploads\/red-mark.svg","width":5,"height":33,"caption":"red-mark"},{"@type":"BreadcrumbList","@id":"https:\/\/pronaturaveracruz.org\/capturacarbono\/productores-participantes\/#breadcrumb","itemListElement":[{"@type":"ListItem","position":1,"name":"Inicio","item":"https:\/\/pronaturaveracruz.org\/capturacarbono\/"},{"@type":"ListItem","position":2,"name":"Productores Participantes"}]},{"@type":"WebSite","@id":"https:\/\/pronaturaveracruz.org\/capturacarbono\/#website","url":"https:\/\/pronaturaveracruz.org\/capturacarbono\/","name":"Captura de Carbono en Cafetales Bajo Sombra","description":"Buscamos aumentar y fortalecer la capacidad de las y los peque\u00f1os productores para mitigar el Cambio Clim\u00e1tico mediante el desarrollo de una metodolog\u00eda que emplee especies de \u00e1rboles nativos que mejoren el almacenamiento de carbono a largo plazo en plantaciones y ofrezcan servicios ecosist\u00e9micos que puedan apoyar a las comunidades locales.","publisher":{"@id":"https:\/\/pronaturaveracruz.org\/capturacarbono\/#organization"},"potentialAction":[{"@type":"SearchAction","target":{"@type":"EntryPoint","urlTemplate":"https:\/\/pronaturaveracruz.org\/capturacarbono\/?s={search_term_string}"},"query-input":{"@type":"PropertyValueSpecification","valueRequired":true,"valueName":"search_term_string"}}],"inLanguage":"es"},{"@type":"Organization","@id":"https:\/\/pronaturaveracruz.org\/capturacarbono\/#organization","name":"Pronatura Veracruz A.C.","alternateName":"Pronatura","url":"https:\/\/pronaturaveracruz.org\/capturacarbono\/","logo":{"@type":"ImageObject","inLanguage":"es","@id":"https:\/\/pronaturaveracruz.org\/capturacarbono\/#\/schema\/logo\/image\/","url":"https:\/\/pronaturaveracruz.org\/capturacarbono\/wp-content\/uploads\/2022\/11\/logo-prontura.svg","contentUrl":"https:\/\/pronaturaveracruz.org\/capturacarbono\/wp-content\/uploads\/2022\/11\/logo-prontura.svg","width":82,"height":67,"caption":"Pronatura Veracruz A.C."},"image":{"@id":"https:\/\/pronaturaveracruz.org\/capturacarbono\/#\/schema\/logo\/image\/"},"sameAs":["https:\/\/www.facebook.com\/PronaturaVeracruz\/","https:\/\/x.com\/Pronatura_Ver","https:\/\/www.instagram.com\/pronatura_veracruz\/","https:\/\/www.youtube.com\/channel\/UCBK7UCNY2AECjqaglAPYDIA"]}]}},"_links":{"self":[{"href":"https:\/\/pronaturaveracruz.org\/capturacarbono\/wp-json\/wp\/v2\/pages\/1645","targetHints":{"allow":["GET"]}}],"collection":[{"href":"https:\/\/pronaturaveracruz.org\/capturacarbono\/wp-json\/wp\/v2\/pages"}],"about":[{"href":"https:\/\/pronaturaveracruz.org\/capturacarbono\/wp-json\/wp\/v2\/types\/page"}],"author":[{"embeddable":true,"href":"https:\/\/pronaturaveracruz.org\/capturacarbono\/wp-json\/wp\/v2\/users\/2"}],"replies":[{"embeddable":true,"href":"https:\/\/pronaturaveracruz.org\/capturacarbono\/wp-json\/wp\/v2\/comments?post=1645"}],"version-history":[{"count":4,"href":"https:\/\/pronaturaveracruz.org\/capturacarbono\/wp-json\/wp\/v2\/pages\/1645\/revisions"}],"predecessor-version":[{"id":1658,"href":"https:\/\/pronaturaveracruz.org\/capturacarbono\/wp-json\/wp\/v2\/pages\/1645\/revisions\/1658"}],"wp:attachment":[{"href":"https:\/\/pronaturaveracruz.org\/capturacarbono\/wp-json\/wp\/v2\/media?parent=1645"}],"curies":[{"name":"wp","href":"https:\/\/api.w.org\/{rel}","templated":true}]}}